{"id":946,"date":"2022-11-14T07:34:02","date_gmt":"2022-11-14T05:34:02","guid":{"rendered":"https:\/\/kapuroastery.fi\/?post_type=product&#038;p=946"},"modified":"2026-04-30T14:23:12","modified_gmt":"2026-04-30T11:23:12","slug":"kapu-myrsky","status":"publish","type":"product","link":"https:\/\/kapuroastery.fi\/index.php\/tuote\/kapu-myrsky\/","title":{"rendered":"KAPU MYRSKY"},"content":{"rendered":"<p>Myrskyn pavut on viljelty luonnonmukaisesti Guatemalassa, Quetzaltenangon alueella. Kahvi on makean t\u00e4ytel\u00e4inen, pehme\u00e4n aromikas ja siin\u00e4 on aistittavissa hienostunut tumman suklaan maku.<\/p>\n","protected":false},"excerpt":{"rendered":"<ul>\n<li>Papu: Bourbon, Typica<\/li>\n<li>Alue: Quetzaltenango (Guatemala)<\/li>\n<li>Tila: COPECAFE (FECCEG)<\/li>\n<li>Kasvukorkeus: 1400-1600m<\/li>\n<li>K\u00e4sittely: Washed<\/li>\n<li>Paahtoaste: Vienna Roast (4\/5)<\/li>\n<\/ul>\n","protected":false},"featured_media":944,"comment_status":"open","ping_status":"closed","template":"","meta":[],"product_brand":[],"product_cat":[16],"product_tag":[72,73,74],"class_list":{"0":"post-946","1":"product","2":"type-product","3":"status-publish","4":"has-post-thumbnail","6":"product_cat-kahvit","7":"product_tag-tumma","8":"product_tag-tummapaahto","9":"product_tag-tummapaahtoinen","10":"pa_laatu-jauhettu","11":"pa_laatu-papu","12":"pa_pakkauskoko-200g","13":"pa_pakkauskoko-400g","14":"sales-flash-overlay","15":"woocommerce-text-align-center","16":"woocommerce-image-align-center","18":"first","19":"instock","20":"featured","21":"taxable","22":"shipping-taxable","23":"purchasable","24":"product-type-variable","25":"has-default-attributes"},"yoast_head":"<!-- This site is optimized with the Yoast SEO plugin v27.5 - https:\/\/yoast.com\/product\/yoast-seo-wordpress\/ -->\n<title>KAPU MYRSKY - KAPU Roastery<\/title>\n<meta name=\"robots\" content=\"index, follow, max-snippet:-1, max-image-preview:large, max-video-preview:-1\" \/>\n<link rel=\"canonical\" href=\"https:\/\/kapuroastery.fi\/index.php\/tuote\/kapu-myrsky\/\" \/>\n<meta property=\"og:locale\" content=\"fi_FI\" \/>\n<meta property=\"og:type\" content=\"article\" \/>\n<meta property=\"og:title\" content=\"KAPU MYRSKY - KAPU Roastery\" \/>\n<meta property=\"og:description\" content=\"Papu: Bourbon, Typica  Alue: Quetzaltenango (Guatemala)  Tila: COPECAFE (FECCEG)  Kasvukorkeus: 1400-1600m  K\u00e4sittely: Washed  Paahtoaste: Vienna Roast (4\/5)\" \/>\n<meta property=\"og:url\" content=\"https:\/\/kapuroastery.fi\/index.php\/tuote\/kapu-myrsky\/\" \/>\n<meta property=\"og:site_name\" content=\"KAPU Roastery\" \/>\n<meta property=\"article:publisher\" content=\"https:\/\/www.facebook.com\/kapuroastery\" \/>\n<meta property=\"article:modified_time\" content=\"2026-04-30T11:23:12+00:00\" \/>\n<meta property=\"og:image\" content=\"https:\/\/kapuroastery.fi\/wp-content\/uploads\/2022\/11\/KAPU_Myrsky_jauhettu_800px.jpg\" \/>\n\t<meta property=\"og:image:width\" content=\"800\" \/>\n\t<meta property=\"og:image:height\" content=\"800\" \/>\n\t<meta property=\"og:image:type\" content=\"image\/jpeg\" \/>\n<meta name=\"twitter:card\" content=\"summary_large_image\" \/>\n<meta name=\"twitter:site\" content=\"@kapuroastery\" \/>\n<meta name=\"twitter:label1\" content=\"Arvioitu lukuaika\" \/>\n\t<meta name=\"twitter:data1\" content=\"1 minuutti\" \/>\n<script type=\"application\/ld+json\" class=\"yoast-schema-graph\">{\"@context\":\"https:\\\/\\\/schema.org\",\"@graph\":[{\"@type\":\"WebPage\",\"@id\":\"https:\\\/\\\/kapuroastery.fi\\\/index.php\\\/tuote\\\/kapu-myrsky\\\/\",\"url\":\"https:\\\/\\\/kapuroastery.fi\\\/index.php\\\/tuote\\\/kapu-myrsky\\\/\",\"name\":\"KAPU MYRSKY - KAPU Roastery\",\"isPartOf\":{\"@id\":\"https:\\\/\\\/kapuroastery.fi\\\/#website\"},\"primaryImageOfPage\":{\"@id\":\"https:\\\/\\\/kapuroastery.fi\\\/index.php\\\/tuote\\\/kapu-myrsky\\\/#primaryimage\"},\"image\":{\"@id\":\"https:\\\/\\\/kapuroastery.fi\\\/index.php\\\/tuote\\\/kapu-myrsky\\\/#primaryimage\"},\"thumbnailUrl\":\"https:\\\/\\\/kapuroastery.fi\\\/wp-content\\\/uploads\\\/2022\\\/11\\\/KAPU_Myrsky_jauhettu_800px.jpg\",\"datePublished\":\"2022-11-14T05:34:02+00:00\",\"dateModified\":\"2026-04-30T11:23:12+00:00\",\"breadcrumb\":{\"@id\":\"https:\\\/\\\/kapuroastery.fi\\\/index.php\\\/tuote\\\/kapu-myrsky\\\/#breadcrumb\"},\"inLanguage\":\"fi\",\"potentialAction\":[{\"@type\":\"ReadAction\",\"target\":[\"https:\\\/\\\/kapuroastery.fi\\\/index.php\\\/tuote\\\/kapu-myrsky\\\/\"]}]},{\"@type\":\"ImageObject\",\"inLanguage\":\"fi\",\"@id\":\"https:\\\/\\\/kapuroastery.fi\\\/index.php\\\/tuote\\\/kapu-myrsky\\\/#primaryimage\",\"url\":\"https:\\\/\\\/kapuroastery.fi\\\/wp-content\\\/uploads\\\/2022\\\/11\\\/KAPU_Myrsky_jauhettu_800px.jpg\",\"contentUrl\":\"https:\\\/\\\/kapuroastery.fi\\\/wp-content\\\/uploads\\\/2022\\\/11\\\/KAPU_Myrsky_jauhettu_800px.jpg\",\"width\":800,\"height\":800},{\"@type\":\"BreadcrumbList\",\"@id\":\"https:\\\/\\\/kapuroastery.fi\\\/index.php\\\/tuote\\\/kapu-myrsky\\\/#breadcrumb\",\"itemListElement\":[{\"@type\":\"ListItem\",\"position\":1,\"name\":\"Etusivu\",\"item\":\"https:\\\/\\\/kapuroastery.fi\\\/\"},{\"@type\":\"ListItem\",\"position\":2,\"name\":\"Kauppa\",\"item\":\"https:\\\/\\\/kapuroastery.fi\\\/index.php\\\/kauppa\\\/\"},{\"@type\":\"ListItem\",\"position\":3,\"name\":\"KAPU MYRSKY\"}]},{\"@type\":\"WebSite\",\"@id\":\"https:\\\/\\\/kapuroastery.fi\\\/#website\",\"url\":\"https:\\\/\\\/kapuroastery.fi\\\/\",\"name\":\"KAPU Roastery\",\"description\":\"Artesaanipaahtimo\",\"publisher\":{\"@id\":\"https:\\\/\\\/kapuroastery.fi\\\/#organization\"},\"potentialAction\":[{\"@type\":\"SearchAction\",\"target\":{\"@type\":\"EntryPoint\",\"urlTemplate\":\"https:\\\/\\\/kapuroastery.fi\\\/?s={search_term_string}\"},\"query-input\":{\"@type\":\"PropertyValueSpecification\",\"valueRequired\":true,\"valueName\":\"search_term_string\"}}],\"inLanguage\":\"fi\"},{\"@type\":\"Organization\",\"@id\":\"https:\\\/\\\/kapuroastery.fi\\\/#organization\",\"name\":\"KAPU Roastery\",\"url\":\"https:\\\/\\\/kapuroastery.fi\\\/\",\"logo\":{\"@type\":\"ImageObject\",\"inLanguage\":\"fi\",\"@id\":\"https:\\\/\\\/kapuroastery.fi\\\/#\\\/schema\\\/logo\\\/image\\\/\",\"url\":\"https:\\\/\\\/kapuroastery.fi\\\/wp-content\\\/uploads\\\/2021\\\/01\\\/K_bw190px.jpg\",\"contentUrl\":\"https:\\\/\\\/kapuroastery.fi\\\/wp-content\\\/uploads\\\/2021\\\/01\\\/K_bw190px.jpg\",\"width\":190,\"height\":190,\"caption\":\"KAPU Roastery\"},\"image\":{\"@id\":\"https:\\\/\\\/kapuroastery.fi\\\/#\\\/schema\\\/logo\\\/image\\\/\"},\"sameAs\":[\"https:\\\/\\\/www.facebook.com\\\/kapuroastery\",\"https:\\\/\\\/x.com\\\/kapuroastery\",\"https:\\\/\\\/www.instagram.com\\\/kapuroastery\",\"https:\\\/\\\/www.linkedin.com\\\/company\\\/kapuroastery\",\"https:\\\/\\\/www.youtube.com\\\/channel\\\/UClRXEN-cHPmNTF5aAmLgXXQ\"]}]}<\/script>\n<!-- \/ Yoast SEO plugin. -->","yoast_head_json":{"title":"KAPU MYRSKY - KAPU Roastery","robots":{"index":"index","follow":"follow","max-snippet":"max-snippet:-1","max-image-preview":"max-image-preview:large","max-video-preview":"max-video-preview:-1"},"canonical":"https:\/\/kapuroastery.fi\/index.php\/tuote\/kapu-myrsky\/","og_locale":"fi_FI","og_type":"article","og_title":"KAPU MYRSKY - KAPU Roastery","og_description":"Papu: Bourbon, Typica  Alue: Quetzaltenango (Guatemala)  Tila: COPECAFE (FECCEG)  Kasvukorkeus: 1400-1600m  K\u00e4sittely: Washed  Paahtoaste: Vienna Roast (4\/5)","og_url":"https:\/\/kapuroastery.fi\/index.php\/tuote\/kapu-myrsky\/","og_site_name":"KAPU Roastery","article_publisher":"https:\/\/www.facebook.com\/kapuroastery","article_modified_time":"2026-04-30T11:23:12+00:00","og_image":[{"width":800,"height":800,"url":"https:\/\/kapuroastery.fi\/wp-content\/uploads\/2022\/11\/KAPU_Myrsky_jauhettu_800px.jpg","type":"image\/jpeg"}],"twitter_card":"summary_large_image","twitter_site":"@kapuroastery","twitter_misc":{"Arvioitu lukuaika":"1 minuutti"},"schema":{"@context":"https:\/\/schema.org","@graph":[{"@type":"WebPage","@id":"https:\/\/kapuroastery.fi\/index.php\/tuote\/kapu-myrsky\/","url":"https:\/\/kapuroastery.fi\/index.php\/tuote\/kapu-myrsky\/","name":"KAPU MYRSKY - KAPU Roastery","isPartOf":{"@id":"https:\/\/kapuroastery.fi\/#website"},"primaryImageOfPage":{"@id":"https:\/\/kapuroastery.fi\/index.php\/tuote\/kapu-myrsky\/#primaryimage"},"image":{"@id":"https:\/\/kapuroastery.fi\/index.php\/tuote\/kapu-myrsky\/#primaryimage"},"thumbnailUrl":"https:\/\/kapuroastery.fi\/wp-content\/uploads\/2022\/11\/KAPU_Myrsky_jauhettu_800px.jpg","datePublished":"2022-11-14T05:34:02+00:00","dateModified":"2026-04-30T11:23:12+00:00","breadcrumb":{"@id":"https:\/\/kapuroastery.fi\/index.php\/tuote\/kapu-myrsky\/#breadcrumb"},"inLanguage":"fi","potentialAction":[{"@type":"ReadAction","target":["https:\/\/kapuroastery.fi\/index.php\/tuote\/kapu-myrsky\/"]}]},{"@type":"ImageObject","inLanguage":"fi","@id":"https:\/\/kapuroastery.fi\/index.php\/tuote\/kapu-myrsky\/#primaryimage","url":"https:\/\/kapuroastery.fi\/wp-content\/uploads\/2022\/11\/KAPU_Myrsky_jauhettu_800px.jpg","contentUrl":"https:\/\/kapuroastery.fi\/wp-content\/uploads\/2022\/11\/KAPU_Myrsky_jauhettu_800px.jpg","width":800,"height":800},{"@type":"BreadcrumbList","@id":"https:\/\/kapuroastery.fi\/index.php\/tuote\/kapu-myrsky\/#breadcrumb","itemListElement":[{"@type":"ListItem","position":1,"name":"Etusivu","item":"https:\/\/kapuroastery.fi\/"},{"@type":"ListItem","position":2,"name":"Kauppa","item":"https:\/\/kapuroastery.fi\/index.php\/kauppa\/"},{"@type":"ListItem","position":3,"name":"KAPU MYRSKY"}]},{"@type":"WebSite","@id":"https:\/\/kapuroastery.fi\/#website","url":"https:\/\/kapuroastery.fi\/","name":"KAPU Roastery","description":"Artesaanipaahtimo","publisher":{"@id":"https:\/\/kapuroastery.fi\/#organization"},"potentialAction":[{"@type":"SearchAction","target":{"@type":"EntryPoint","urlTemplate":"https:\/\/kapuroastery.fi\/?s={search_term_string}"},"query-input":{"@type":"PropertyValueSpecification","valueRequired":true,"valueName":"search_term_string"}}],"inLanguage":"fi"},{"@type":"Organization","@id":"https:\/\/kapuroastery.fi\/#organization","name":"KAPU Roastery","url":"https:\/\/kapuroastery.fi\/","logo":{"@type":"ImageObject","inLanguage":"fi","@id":"https:\/\/kapuroastery.fi\/#\/schema\/logo\/image\/","url":"https:\/\/kapuroastery.fi\/wp-content\/uploads\/2021\/01\/K_bw190px.jpg","contentUrl":"https:\/\/kapuroastery.fi\/wp-content\/uploads\/2021\/01\/K_bw190px.jpg","width":190,"height":190,"caption":"KAPU Roastery"},"image":{"@id":"https:\/\/kapuroastery.fi\/#\/schema\/logo\/image\/"},"sameAs":["https:\/\/www.facebook.com\/kapuroastery","https:\/\/x.com\/kapuroastery","https:\/\/www.instagram.com\/kapuroastery","https:\/\/www.linkedin.com\/company\/kapuroastery","https:\/\/www.youtube.com\/channel\/UClRXEN-cHPmNTF5aAmLgXXQ"]}]}},"_links":{"self":[{"href":"https:\/\/kapuroastery.fi\/index.php\/wp-json\/wp\/v2\/product\/946","targetHints":{"allow":["GET"]}}],"collection":[{"href":"https:\/\/kapuroastery.fi\/index.php\/wp-json\/wp\/v2\/product"}],"about":[{"href":"https:\/\/kapuroastery.fi\/index.php\/wp-json\/wp\/v2\/types\/product"}],"replies":[{"embeddable":true,"href":"https:\/\/kapuroastery.fi\/index.php\/wp-json\/wp\/v2\/comments?post=946"}],"wp:featuredmedia":[{"embeddable":true,"href":"https:\/\/kapuroastery.fi\/index.php\/wp-json\/wp\/v2\/media\/944"}],"wp:attachment":[{"href":"https:\/\/kapuroastery.fi\/index.php\/wp-json\/wp\/v2\/media?parent=946"}],"wp:term":[{"taxonomy":"product_brand","embeddable":true,"href":"https:\/\/kapuroastery.fi\/index.php\/wp-json\/wp\/v2\/product_brand?post=946"},{"taxonomy":"product_cat","embeddable":true,"href":"https:\/\/kapuroastery.fi\/index.php\/wp-json\/wp\/v2\/product_cat?post=946"},{"taxonomy":"product_tag","embeddable":true,"href":"https:\/\/kapuroastery.fi\/index.php\/wp-json\/wp\/v2\/product_tag?post=946"}],"curies":[{"name":"wp","href":"https:\/\/api.w.org\/{rel}","templated":true}]}}