{"id":443,"date":"2021-06-10T17:56:11","date_gmt":"2021-06-10T14:56:11","guid":{"rendered":"https:\/\/kapuroastery.fi\/?post_type=product&#038;p=443"},"modified":"2026-04-14T13:18:46","modified_gmt":"2026-04-14T10:18:46","slug":"kapu-sulo","status":"publish","type":"product","link":"https:\/\/kapuroastery.fi\/index.php\/tuote\/kapu-sulo\/","title":{"rendered":"KAPU SULO"},"content":{"rendered":"<p>Pirte\u00e4n hedelm\u00e4inen ja makean tasapainoinen vaaleampi keskipaahto, jonka pavut ovat kasvaneet ravinteikkaassa maaper\u00e4ss\u00e4 korkealla vuoren rinteell\u00e4. T\u00e4m\u00e4 on todellisen nautiskelijan valinta, joka kruunaa jokaisen kahvihetken.<\/p>\n","protected":false},"excerpt":{"rendered":"<ul>\n<li>Paahtoaste: 2\/5 (American Roast)<\/li>\n<li>Kahvilajike: F6<\/li>\n<li>K\u00e4sittely: Washed<\/li>\n<li>Maa: Kolumbia<\/li>\n<li>Kasvualue: Huila<\/li>\n<li>Kasvukorkeus: 1350m<\/li>\n<\/ul>\n","protected":false},"featured_media":451,"comment_status":"open","ping_status":"closed","template":"","meta":[],"product_brand":[],"product_cat":[16],"product_tag":[],"class_list":{"0":"post-443","1":"product","2":"type-product","3":"status-publish","4":"has-post-thumbnail","6":"product_cat-kahvit","7":"pa_laatu-jauhettu","8":"pa_laatu-papu","9":"pa_pakkauskoko-200g","10":"pa_pakkauskoko-220g","11":"pa_pakkauskoko-400g","12":"sales-flash-overlay","13":"woocommerce-text-align-center","14":"woocommerce-image-align-center","16":"first","17":"instock","18":"featured","19":"taxable","20":"shipping-taxable","21":"purchasable","22":"product-type-variable","23":"has-default-attributes"},"yoast_head":"<!-- This site is optimized with the Yoast SEO plugin v27.4 - https:\/\/yoast.com\/product\/yoast-seo-wordpress\/ -->\n<title>KAPU SULO - KAPU Roastery<\/title>\n<meta name=\"robots\" content=\"index, follow, max-snippet:-1, max-image-preview:large, max-video-preview:-1\" \/>\n<link rel=\"canonical\" href=\"https:\/\/kapuroastery.fi\/index.php\/tuote\/kapu-sulo\/\" \/>\n<meta property=\"og:locale\" content=\"fi_FI\" \/>\n<meta property=\"og:type\" content=\"article\" \/>\n<meta property=\"og:title\" content=\"KAPU SULO - KAPU Roastery\" \/>\n<meta property=\"og:description\" content=\"Paahtoaste: 2\/5 (American Roast)  Kahvilajike: F6  K\u00e4sittely: Washed  Maa: Kolumbia  Kasvualue: Huila  Kasvukorkeus: 1350m\" \/>\n<meta property=\"og:url\" content=\"https:\/\/kapuroastery.fi\/index.php\/tuote\/kapu-sulo\/\" \/>\n<meta property=\"og:site_name\" content=\"KAPU Roastery\" \/>\n<meta property=\"article:publisher\" content=\"https:\/\/www.facebook.com\/kapuroastery\" \/>\n<meta property=\"article:modified_time\" content=\"2026-04-14T10:18:46+00:00\" \/>\n<meta property=\"og:image\" content=\"https:\/\/kapuroastery.fi\/wp-content\/uploads\/2021\/06\/KAPU_Sulo_jauhettu_v2_800px.jpg\" \/>\n\t<meta property=\"og:image:width\" content=\"800\" \/>\n\t<meta property=\"og:image:height\" content=\"800\" \/>\n\t<meta property=\"og:image:type\" content=\"image\/jpeg\" \/>\n<meta name=\"twitter:card\" content=\"summary_large_image\" \/>\n<meta name=\"twitter:site\" content=\"@kapuroastery\" \/>\n<meta name=\"twitter:label1\" content=\"Arvioitu lukuaika\" \/>\n\t<meta name=\"twitter:data1\" content=\"1 minuutti\" \/>\n<script type=\"application\/ld+json\" class=\"yoast-schema-graph\">{\"@context\":\"https:\\\/\\\/schema.org\",\"@graph\":[{\"@type\":\"WebPage\",\"@id\":\"https:\\\/\\\/kapuroastery.fi\\\/index.php\\\/tuote\\\/kapu-sulo\\\/\",\"url\":\"https:\\\/\\\/kapuroastery.fi\\\/index.php\\\/tuote\\\/kapu-sulo\\\/\",\"name\":\"KAPU SULO - KAPU Roastery\",\"isPartOf\":{\"@id\":\"https:\\\/\\\/kapuroastery.fi\\\/#website\"},\"primaryImageOfPage\":{\"@id\":\"https:\\\/\\\/kapuroastery.fi\\\/index.php\\\/tuote\\\/kapu-sulo\\\/#primaryimage\"},\"image\":{\"@id\":\"https:\\\/\\\/kapuroastery.fi\\\/index.php\\\/tuote\\\/kapu-sulo\\\/#primaryimage\"},\"thumbnailUrl\":\"https:\\\/\\\/kapuroastery.fi\\\/wp-content\\\/uploads\\\/2021\\\/06\\\/KAPU_Sulo_jauhettu_v2_800px.jpg\",\"datePublished\":\"2021-06-10T14:56:11+00:00\",\"dateModified\":\"2026-04-14T10:18:46+00:00\",\"breadcrumb\":{\"@id\":\"https:\\\/\\\/kapuroastery.fi\\\/index.php\\\/tuote\\\/kapu-sulo\\\/#breadcrumb\"},\"inLanguage\":\"fi\",\"potentialAction\":[{\"@type\":\"ReadAction\",\"target\":[\"https:\\\/\\\/kapuroastery.fi\\\/index.php\\\/tuote\\\/kapu-sulo\\\/\"]}]},{\"@type\":\"ImageObject\",\"inLanguage\":\"fi\",\"@id\":\"https:\\\/\\\/kapuroastery.fi\\\/index.php\\\/tuote\\\/kapu-sulo\\\/#primaryimage\",\"url\":\"https:\\\/\\\/kapuroastery.fi\\\/wp-content\\\/uploads\\\/2021\\\/06\\\/KAPU_Sulo_jauhettu_v2_800px.jpg\",\"contentUrl\":\"https:\\\/\\\/kapuroastery.fi\\\/wp-content\\\/uploads\\\/2021\\\/06\\\/KAPU_Sulo_jauhettu_v2_800px.jpg\",\"width\":800,\"height\":800},{\"@type\":\"BreadcrumbList\",\"@id\":\"https:\\\/\\\/kapuroastery.fi\\\/index.php\\\/tuote\\\/kapu-sulo\\\/#breadcrumb\",\"itemListElement\":[{\"@type\":\"ListItem\",\"position\":1,\"name\":\"Etusivu\",\"item\":\"https:\\\/\\\/kapuroastery.fi\\\/\"},{\"@type\":\"ListItem\",\"position\":2,\"name\":\"Kauppa\",\"item\":\"https:\\\/\\\/kapuroastery.fi\\\/index.php\\\/kauppa\\\/\"},{\"@type\":\"ListItem\",\"position\":3,\"name\":\"KAPU SULO\"}]},{\"@type\":\"WebSite\",\"@id\":\"https:\\\/\\\/kapuroastery.fi\\\/#website\",\"url\":\"https:\\\/\\\/kapuroastery.fi\\\/\",\"name\":\"KAPU Roastery\",\"description\":\"Artesaanipaahtimo\",\"publisher\":{\"@id\":\"https:\\\/\\\/kapuroastery.fi\\\/#organization\"},\"potentialAction\":[{\"@type\":\"SearchAction\",\"target\":{\"@type\":\"EntryPoint\",\"urlTemplate\":\"https:\\\/\\\/kapuroastery.fi\\\/?s={search_term_string}\"},\"query-input\":{\"@type\":\"PropertyValueSpecification\",\"valueRequired\":true,\"valueName\":\"search_term_string\"}}],\"inLanguage\":\"fi\"},{\"@type\":\"Organization\",\"@id\":\"https:\\\/\\\/kapuroastery.fi\\\/#organization\",\"name\":\"KAPU Roastery\",\"url\":\"https:\\\/\\\/kapuroastery.fi\\\/\",\"logo\":{\"@type\":\"ImageObject\",\"inLanguage\":\"fi\",\"@id\":\"https:\\\/\\\/kapuroastery.fi\\\/#\\\/schema\\\/logo\\\/image\\\/\",\"url\":\"https:\\\/\\\/kapuroastery.fi\\\/wp-content\\\/uploads\\\/2021\\\/01\\\/K_bw190px.jpg\",\"contentUrl\":\"https:\\\/\\\/kapuroastery.fi\\\/wp-content\\\/uploads\\\/2021\\\/01\\\/K_bw190px.jpg\",\"width\":190,\"height\":190,\"caption\":\"KAPU Roastery\"},\"image\":{\"@id\":\"https:\\\/\\\/kapuroastery.fi\\\/#\\\/schema\\\/logo\\\/image\\\/\"},\"sameAs\":[\"https:\\\/\\\/www.facebook.com\\\/kapuroastery\",\"https:\\\/\\\/x.com\\\/kapuroastery\",\"https:\\\/\\\/www.instagram.com\\\/kapuroastery\",\"https:\\\/\\\/www.linkedin.com\\\/company\\\/kapuroastery\",\"https:\\\/\\\/www.youtube.com\\\/channel\\\/UClRXEN-cHPmNTF5aAmLgXXQ\"]}]}<\/script>\n<!-- \/ Yoast SEO plugin. -->","yoast_head_json":{"title":"KAPU SULO - KAPU Roastery","robots":{"index":"index","follow":"follow","max-snippet":"max-snippet:-1","max-image-preview":"max-image-preview:large","max-video-preview":"max-video-preview:-1"},"canonical":"https:\/\/kapuroastery.fi\/index.php\/tuote\/kapu-sulo\/","og_locale":"fi_FI","og_type":"article","og_title":"KAPU SULO - KAPU Roastery","og_description":"Paahtoaste: 2\/5 (American Roast)  Kahvilajike: F6  K\u00e4sittely: Washed  Maa: Kolumbia  Kasvualue: Huila  Kasvukorkeus: 1350m","og_url":"https:\/\/kapuroastery.fi\/index.php\/tuote\/kapu-sulo\/","og_site_name":"KAPU Roastery","article_publisher":"https:\/\/www.facebook.com\/kapuroastery","article_modified_time":"2026-04-14T10:18:46+00:00","og_image":[{"width":800,"height":800,"url":"https:\/\/kapuroastery.fi\/wp-content\/uploads\/2021\/06\/KAPU_Sulo_jauhettu_v2_800px.jpg","type":"image\/jpeg"}],"twitter_card":"summary_large_image","twitter_site":"@kapuroastery","twitter_misc":{"Arvioitu lukuaika":"1 minuutti"},"schema":{"@context":"https:\/\/schema.org","@graph":[{"@type":"WebPage","@id":"https:\/\/kapuroastery.fi\/index.php\/tuote\/kapu-sulo\/","url":"https:\/\/kapuroastery.fi\/index.php\/tuote\/kapu-sulo\/","name":"KAPU SULO - KAPU Roastery","isPartOf":{"@id":"https:\/\/kapuroastery.fi\/#website"},"primaryImageOfPage":{"@id":"https:\/\/kapuroastery.fi\/index.php\/tuote\/kapu-sulo\/#primaryimage"},"image":{"@id":"https:\/\/kapuroastery.fi\/index.php\/tuote\/kapu-sulo\/#primaryimage"},"thumbnailUrl":"https:\/\/kapuroastery.fi\/wp-content\/uploads\/2021\/06\/KAPU_Sulo_jauhettu_v2_800px.jpg","datePublished":"2021-06-10T14:56:11+00:00","dateModified":"2026-04-14T10:18:46+00:00","breadcrumb":{"@id":"https:\/\/kapuroastery.fi\/index.php\/tuote\/kapu-sulo\/#breadcrumb"},"inLanguage":"fi","potentialAction":[{"@type":"ReadAction","target":["https:\/\/kapuroastery.fi\/index.php\/tuote\/kapu-sulo\/"]}]},{"@type":"ImageObject","inLanguage":"fi","@id":"https:\/\/kapuroastery.fi\/index.php\/tuote\/kapu-sulo\/#primaryimage","url":"https:\/\/kapuroastery.fi\/wp-content\/uploads\/2021\/06\/KAPU_Sulo_jauhettu_v2_800px.jpg","contentUrl":"https:\/\/kapuroastery.fi\/wp-content\/uploads\/2021\/06\/KAPU_Sulo_jauhettu_v2_800px.jpg","width":800,"height":800},{"@type":"BreadcrumbList","@id":"https:\/\/kapuroastery.fi\/index.php\/tuote\/kapu-sulo\/#breadcrumb","itemListElement":[{"@type":"ListItem","position":1,"name":"Etusivu","item":"https:\/\/kapuroastery.fi\/"},{"@type":"ListItem","position":2,"name":"Kauppa","item":"https:\/\/kapuroastery.fi\/index.php\/kauppa\/"},{"@type":"ListItem","position":3,"name":"KAPU SULO"}]},{"@type":"WebSite","@id":"https:\/\/kapuroastery.fi\/#website","url":"https:\/\/kapuroastery.fi\/","name":"KAPU Roastery","description":"Artesaanipaahtimo","publisher":{"@id":"https:\/\/kapuroastery.fi\/#organization"},"potentialAction":[{"@type":"SearchAction","target":{"@type":"EntryPoint","urlTemplate":"https:\/\/kapuroastery.fi\/?s={search_term_string}"},"query-input":{"@type":"PropertyValueSpecification","valueRequired":true,"valueName":"search_term_string"}}],"inLanguage":"fi"},{"@type":"Organization","@id":"https:\/\/kapuroastery.fi\/#organization","name":"KAPU Roastery","url":"https:\/\/kapuroastery.fi\/","logo":{"@type":"ImageObject","inLanguage":"fi","@id":"https:\/\/kapuroastery.fi\/#\/schema\/logo\/image\/","url":"https:\/\/kapuroastery.fi\/wp-content\/uploads\/2021\/01\/K_bw190px.jpg","contentUrl":"https:\/\/kapuroastery.fi\/wp-content\/uploads\/2021\/01\/K_bw190px.jpg","width":190,"height":190,"caption":"KAPU Roastery"},"image":{"@id":"https:\/\/kapuroastery.fi\/#\/schema\/logo\/image\/"},"sameAs":["https:\/\/www.facebook.com\/kapuroastery","https:\/\/x.com\/kapuroastery","https:\/\/www.instagram.com\/kapuroastery","https:\/\/www.linkedin.com\/company\/kapuroastery","https:\/\/www.youtube.com\/channel\/UClRXEN-cHPmNTF5aAmLgXXQ"]}]}},"_links":{"self":[{"href":"https:\/\/kapuroastery.fi\/index.php\/wp-json\/wp\/v2\/product\/443","targetHints":{"allow":["GET"]}}],"collection":[{"href":"https:\/\/kapuroastery.fi\/index.php\/wp-json\/wp\/v2\/product"}],"about":[{"href":"https:\/\/kapuroastery.fi\/index.php\/wp-json\/wp\/v2\/types\/product"}],"replies":[{"embeddable":true,"href":"https:\/\/kapuroastery.fi\/index.php\/wp-json\/wp\/v2\/comments?post=443"}],"wp:featuredmedia":[{"embeddable":true,"href":"https:\/\/kapuroastery.fi\/index.php\/wp-json\/wp\/v2\/media\/451"}],"wp:attachment":[{"href":"https:\/\/kapuroastery.fi\/index.php\/wp-json\/wp\/v2\/media?parent=443"}],"wp:term":[{"taxonomy":"product_brand","embeddable":true,"href":"https:\/\/kapuroastery.fi\/index.php\/wp-json\/wp\/v2\/product_brand?post=443"},{"taxonomy":"product_cat","embeddable":true,"href":"https:\/\/kapuroastery.fi\/index.php\/wp-json\/wp\/v2\/product_cat?post=443"},{"taxonomy":"product_tag","embeddable":true,"href":"https:\/\/kapuroastery.fi\/index.php\/wp-json\/wp\/v2\/product_tag?post=443"}],"curies":[{"name":"wp","href":"https:\/\/api.w.org\/{rel}","templated":true}]}}