{"id":266,"date":"2021-04-22T08:34:00","date_gmt":"2021-04-22T05:34:00","guid":{"rendered":"https:\/\/kapuroastery.fi\/?post_type=product&#038;p=266"},"modified":"2025-11-15T10:39:51","modified_gmt":"2025-11-15T08:39:51","slug":"lippis","status":"publish","type":"product","link":"https:\/\/kapuroastery.fi\/index.php\/tuote\/lippis\/","title":{"rendered":"KAPU Roasteryn lippis"},"content":{"rendered":"<p>Moderni snapback tai slide buckle -lippis kahvintuoksuisiin edustushetkiin. Hatun koko on s\u00e4\u00e4dett\u00e4viss\u00e4 t\u00e4ydellisen n\u00e4ytt\u00e4vyyden ja istuvuuden takaamiseksi.<\/p>\n","protected":false},"excerpt":{"rendered":"<ul>\n<li>Materiaali: 100% polyesteri<\/li>\n<li>Malli: Snapback \/ Slide buckle<\/li>\n<li>Koko: One size<\/li>\n<li>V\u00e4ri: Musta<\/li>\n<\/ul>\n","protected":false},"featured_media":415,"comment_status":"open","ping_status":"closed","template":"","meta":[],"product_brand":[],"product_cat":[46],"product_tag":[51,49,50],"class_list":{"0":"post-266","1":"product","2":"type-product","3":"status-publish","4":"has-post-thumbnail","6":"product_cat-oheistuotteet","7":"product_tag-cap","8":"product_tag-lippalakki","9":"product_tag-lippis","10":"sales-flash-overlay","11":"woocommerce-text-align-center","12":"woocommerce-image-align-center","14":"first","15":"instock","16":"featured","17":"taxable","18":"shipping-taxable","19":"purchasable","20":"product-type-variable"},"yoast_head":"<!-- This site is optimized with the Yoast SEO plugin v27.4 - https:\/\/yoast.com\/product\/yoast-seo-wordpress\/ -->\n<title>KAPU Roasteryn lippis - KAPU Roastery<\/title>\n<meta name=\"robots\" content=\"index, follow, max-snippet:-1, max-image-preview:large, max-video-preview:-1\" \/>\n<link rel=\"canonical\" href=\"https:\/\/kapuroastery.fi\/index.php\/tuote\/lippis\/\" \/>\n<meta property=\"og:locale\" content=\"fi_FI\" \/>\n<meta property=\"og:type\" content=\"article\" \/>\n<meta property=\"og:title\" content=\"KAPU Roasteryn lippis - KAPU Roastery\" \/>\n<meta property=\"og:description\" content=\"Materiaali: 100% polyesteri  Malli: Snapback \/ Slide buckle  Koko: One size  V\u00e4ri: Musta\" \/>\n<meta property=\"og:url\" content=\"https:\/\/kapuroastery.fi\/index.php\/tuote\/lippis\/\" \/>\n<meta property=\"og:site_name\" content=\"KAPU Roastery\" \/>\n<meta property=\"article:publisher\" content=\"https:\/\/www.facebook.com\/kapuroastery\" \/>\n<meta property=\"article:modified_time\" content=\"2025-11-15T08:39:51+00:00\" \/>\n<meta property=\"og:image\" content=\"https:\/\/kapuroastery.fi\/wp-content\/uploads\/2021\/04\/KAPU_lippis_800px.jpg\" \/>\n\t<meta property=\"og:image:width\" content=\"800\" \/>\n\t<meta property=\"og:image:height\" content=\"800\" \/>\n\t<meta property=\"og:image:type\" content=\"image\/jpeg\" \/>\n<meta name=\"twitter:card\" content=\"summary_large_image\" \/>\n<meta name=\"twitter:site\" content=\"@kapuroastery\" \/>\n<meta name=\"twitter:label1\" content=\"Arvioitu lukuaika\" \/>\n\t<meta name=\"twitter:data1\" content=\"1 minuutti\" \/>\n<script type=\"application\/ld+json\" class=\"yoast-schema-graph\">{\"@context\":\"https:\\\/\\\/schema.org\",\"@graph\":[{\"@type\":\"WebPage\",\"@id\":\"https:\\\/\\\/kapuroastery.fi\\\/index.php\\\/tuote\\\/lippis\\\/\",\"url\":\"https:\\\/\\\/kapuroastery.fi\\\/index.php\\\/tuote\\\/lippis\\\/\",\"name\":\"KAPU Roasteryn lippis - KAPU Roastery\",\"isPartOf\":{\"@id\":\"https:\\\/\\\/kapuroastery.fi\\\/#website\"},\"primaryImageOfPage\":{\"@id\":\"https:\\\/\\\/kapuroastery.fi\\\/index.php\\\/tuote\\\/lippis\\\/#primaryimage\"},\"image\":{\"@id\":\"https:\\\/\\\/kapuroastery.fi\\\/index.php\\\/tuote\\\/lippis\\\/#primaryimage\"},\"thumbnailUrl\":\"https:\\\/\\\/kapuroastery.fi\\\/wp-content\\\/uploads\\\/2021\\\/04\\\/KAPU_lippis_800px.jpg\",\"datePublished\":\"2021-04-22T05:34:00+00:00\",\"dateModified\":\"2025-11-15T08:39:51+00:00\",\"breadcrumb\":{\"@id\":\"https:\\\/\\\/kapuroastery.fi\\\/index.php\\\/tuote\\\/lippis\\\/#breadcrumb\"},\"inLanguage\":\"fi\",\"potentialAction\":[{\"@type\":\"ReadAction\",\"target\":[\"https:\\\/\\\/kapuroastery.fi\\\/index.php\\\/tuote\\\/lippis\\\/\"]}]},{\"@type\":\"ImageObject\",\"inLanguage\":\"fi\",\"@id\":\"https:\\\/\\\/kapuroastery.fi\\\/index.php\\\/tuote\\\/lippis\\\/#primaryimage\",\"url\":\"https:\\\/\\\/kapuroastery.fi\\\/wp-content\\\/uploads\\\/2021\\\/04\\\/KAPU_lippis_800px.jpg\",\"contentUrl\":\"https:\\\/\\\/kapuroastery.fi\\\/wp-content\\\/uploads\\\/2021\\\/04\\\/KAPU_lippis_800px.jpg\",\"width\":800,\"height\":800},{\"@type\":\"BreadcrumbList\",\"@id\":\"https:\\\/\\\/kapuroastery.fi\\\/index.php\\\/tuote\\\/lippis\\\/#breadcrumb\",\"itemListElement\":[{\"@type\":\"ListItem\",\"position\":1,\"name\":\"Etusivu\",\"item\":\"https:\\\/\\\/kapuroastery.fi\\\/\"},{\"@type\":\"ListItem\",\"position\":2,\"name\":\"Kauppa\",\"item\":\"https:\\\/\\\/kapuroastery.fi\\\/index.php\\\/kauppa\\\/\"},{\"@type\":\"ListItem\",\"position\":3,\"name\":\"KAPU Roasteryn lippis\"}]},{\"@type\":\"WebSite\",\"@id\":\"https:\\\/\\\/kapuroastery.fi\\\/#website\",\"url\":\"https:\\\/\\\/kapuroastery.fi\\\/\",\"name\":\"KAPU Roastery\",\"description\":\"Artesaanipaahtimo\",\"publisher\":{\"@id\":\"https:\\\/\\\/kapuroastery.fi\\\/#organization\"},\"potentialAction\":[{\"@type\":\"SearchAction\",\"target\":{\"@type\":\"EntryPoint\",\"urlTemplate\":\"https:\\\/\\\/kapuroastery.fi\\\/?s={search_term_string}\"},\"query-input\":{\"@type\":\"PropertyValueSpecification\",\"valueRequired\":true,\"valueName\":\"search_term_string\"}}],\"inLanguage\":\"fi\"},{\"@type\":\"Organization\",\"@id\":\"https:\\\/\\\/kapuroastery.fi\\\/#organization\",\"name\":\"KAPU Roastery\",\"url\":\"https:\\\/\\\/kapuroastery.fi\\\/\",\"logo\":{\"@type\":\"ImageObject\",\"inLanguage\":\"fi\",\"@id\":\"https:\\\/\\\/kapuroastery.fi\\\/#\\\/schema\\\/logo\\\/image\\\/\",\"url\":\"https:\\\/\\\/kapuroastery.fi\\\/wp-content\\\/uploads\\\/2021\\\/01\\\/K_bw190px.jpg\",\"contentUrl\":\"https:\\\/\\\/kapuroastery.fi\\\/wp-content\\\/uploads\\\/2021\\\/01\\\/K_bw190px.jpg\",\"width\":190,\"height\":190,\"caption\":\"KAPU Roastery\"},\"image\":{\"@id\":\"https:\\\/\\\/kapuroastery.fi\\\/#\\\/schema\\\/logo\\\/image\\\/\"},\"sameAs\":[\"https:\\\/\\\/www.facebook.com\\\/kapuroastery\",\"https:\\\/\\\/x.com\\\/kapuroastery\",\"https:\\\/\\\/www.instagram.com\\\/kapuroastery\",\"https:\\\/\\\/www.linkedin.com\\\/company\\\/kapuroastery\",\"https:\\\/\\\/www.youtube.com\\\/channel\\\/UClRXEN-cHPmNTF5aAmLgXXQ\"]}]}<\/script>\n<!-- \/ Yoast SEO plugin. -->","yoast_head_json":{"title":"KAPU Roasteryn lippis - KAPU Roastery","robots":{"index":"index","follow":"follow","max-snippet":"max-snippet:-1","max-image-preview":"max-image-preview:large","max-video-preview":"max-video-preview:-1"},"canonical":"https:\/\/kapuroastery.fi\/index.php\/tuote\/lippis\/","og_locale":"fi_FI","og_type":"article","og_title":"KAPU Roasteryn lippis - KAPU Roastery","og_description":"Materiaali: 100% polyesteri  Malli: Snapback \/ Slide buckle  Koko: One size  V\u00e4ri: Musta","og_url":"https:\/\/kapuroastery.fi\/index.php\/tuote\/lippis\/","og_site_name":"KAPU Roastery","article_publisher":"https:\/\/www.facebook.com\/kapuroastery","article_modified_time":"2025-11-15T08:39:51+00:00","og_image":[{"width":800,"height":800,"url":"https:\/\/kapuroastery.fi\/wp-content\/uploads\/2021\/04\/KAPU_lippis_800px.jpg","type":"image\/jpeg"}],"twitter_card":"summary_large_image","twitter_site":"@kapuroastery","twitter_misc":{"Arvioitu lukuaika":"1 minuutti"},"schema":{"@context":"https:\/\/schema.org","@graph":[{"@type":"WebPage","@id":"https:\/\/kapuroastery.fi\/index.php\/tuote\/lippis\/","url":"https:\/\/kapuroastery.fi\/index.php\/tuote\/lippis\/","name":"KAPU Roasteryn lippis - KAPU Roastery","isPartOf":{"@id":"https:\/\/kapuroastery.fi\/#website"},"primaryImageOfPage":{"@id":"https:\/\/kapuroastery.fi\/index.php\/tuote\/lippis\/#primaryimage"},"image":{"@id":"https:\/\/kapuroastery.fi\/index.php\/tuote\/lippis\/#primaryimage"},"thumbnailUrl":"https:\/\/kapuroastery.fi\/wp-content\/uploads\/2021\/04\/KAPU_lippis_800px.jpg","datePublished":"2021-04-22T05:34:00+00:00","dateModified":"2025-11-15T08:39:51+00:00","breadcrumb":{"@id":"https:\/\/kapuroastery.fi\/index.php\/tuote\/lippis\/#breadcrumb"},"inLanguage":"fi","potentialAction":[{"@type":"ReadAction","target":["https:\/\/kapuroastery.fi\/index.php\/tuote\/lippis\/"]}]},{"@type":"ImageObject","inLanguage":"fi","@id":"https:\/\/kapuroastery.fi\/index.php\/tuote\/lippis\/#primaryimage","url":"https:\/\/kapuroastery.fi\/wp-content\/uploads\/2021\/04\/KAPU_lippis_800px.jpg","contentUrl":"https:\/\/kapuroastery.fi\/wp-content\/uploads\/2021\/04\/KAPU_lippis_800px.jpg","width":800,"height":800},{"@type":"BreadcrumbList","@id":"https:\/\/kapuroastery.fi\/index.php\/tuote\/lippis\/#breadcrumb","itemListElement":[{"@type":"ListItem","position":1,"name":"Etusivu","item":"https:\/\/kapuroastery.fi\/"},{"@type":"ListItem","position":2,"name":"Kauppa","item":"https:\/\/kapuroastery.fi\/index.php\/kauppa\/"},{"@type":"ListItem","position":3,"name":"KAPU Roasteryn lippis"}]},{"@type":"WebSite","@id":"https:\/\/kapuroastery.fi\/#website","url":"https:\/\/kapuroastery.fi\/","name":"KAPU Roastery","description":"Artesaanipaahtimo","publisher":{"@id":"https:\/\/kapuroastery.fi\/#organization"},"potentialAction":[{"@type":"SearchAction","target":{"@type":"EntryPoint","urlTemplate":"https:\/\/kapuroastery.fi\/?s={search_term_string}"},"query-input":{"@type":"PropertyValueSpecification","valueRequired":true,"valueName":"search_term_string"}}],"inLanguage":"fi"},{"@type":"Organization","@id":"https:\/\/kapuroastery.fi\/#organization","name":"KAPU Roastery","url":"https:\/\/kapuroastery.fi\/","logo":{"@type":"ImageObject","inLanguage":"fi","@id":"https:\/\/kapuroastery.fi\/#\/schema\/logo\/image\/","url":"https:\/\/kapuroastery.fi\/wp-content\/uploads\/2021\/01\/K_bw190px.jpg","contentUrl":"https:\/\/kapuroastery.fi\/wp-content\/uploads\/2021\/01\/K_bw190px.jpg","width":190,"height":190,"caption":"KAPU Roastery"},"image":{"@id":"https:\/\/kapuroastery.fi\/#\/schema\/logo\/image\/"},"sameAs":["https:\/\/www.facebook.com\/kapuroastery","https:\/\/x.com\/kapuroastery","https:\/\/www.instagram.com\/kapuroastery","https:\/\/www.linkedin.com\/company\/kapuroastery","https:\/\/www.youtube.com\/channel\/UClRXEN-cHPmNTF5aAmLgXXQ"]}]}},"_links":{"self":[{"href":"https:\/\/kapuroastery.fi\/index.php\/wp-json\/wp\/v2\/product\/266","targetHints":{"allow":["GET"]}}],"collection":[{"href":"https:\/\/kapuroastery.fi\/index.php\/wp-json\/wp\/v2\/product"}],"about":[{"href":"https:\/\/kapuroastery.fi\/index.php\/wp-json\/wp\/v2\/types\/product"}],"replies":[{"embeddable":true,"href":"https:\/\/kapuroastery.fi\/index.php\/wp-json\/wp\/v2\/comments?post=266"}],"wp:featuredmedia":[{"embeddable":true,"href":"https:\/\/kapuroastery.fi\/index.php\/wp-json\/wp\/v2\/media\/415"}],"wp:attachment":[{"href":"https:\/\/kapuroastery.fi\/index.php\/wp-json\/wp\/v2\/media?parent=266"}],"wp:term":[{"taxonomy":"product_brand","embeddable":true,"href":"https:\/\/kapuroastery.fi\/index.php\/wp-json\/wp\/v2\/product_brand?post=266"},{"taxonomy":"product_cat","embeddable":true,"href":"https:\/\/kapuroastery.fi\/index.php\/wp-json\/wp\/v2\/product_cat?post=266"},{"taxonomy":"product_tag","embeddable":true,"href":"https:\/\/kapuroastery.fi\/index.php\/wp-json\/wp\/v2\/product_tag?post=266"}],"curies":[{"name":"wp","href":"https:\/\/api.w.org\/{rel}","templated":true}]}}