{"id":84,"date":"2021-01-14T11:15:54","date_gmt":"2021-01-14T09:15:54","guid":{"rendered":"https:\/\/kapuroastery.fi\/?page_id=84"},"modified":"2024-08-11T22:09:43","modified_gmt":"2024-08-11T19:09:43","slug":"yhteystiedot","status":"publish","type":"page","link":"https:\/\/kapuroastery.fi\/index.php\/yhteystiedot\/","title":{"rendered":"Yhteystiedot"},"content":{"rendered":"\n<hr class=\"wp-block-separator has-css-opacity is-style-wide\"\/>\n\n\n\n<p class=\"has-medium-font-size\"><strong>KAPU Roastery Oy<\/strong><\/p>\n\n\n\n<div class=\"wp-block-jetpack-contact-info\"><\/div>\n\n\n\n<div class=\"wp-block-jetpack-contact-info\">\n<div class=\"wp-block-jetpack-address\"><a href=\"https:\/\/www.google.com\/maps\/search\/Kyminv\u00e4yl\u00e4+2,+Kuusankoski,+45700\" target=\"_blank\" rel=\"noopener noreferrer\" title=\"Open address in Google Maps\"><div class=\"jetpack-address__address jetpack-address__address1\">Kyminv\u00e4yl\u00e4 2<\/div><div><span class=\"jetpack-address__city\">Kuusankoski<\/span>, <span class=\"jetpack-address__region\"><\/span> <span class=\"jetpack-address__postal\">45700<\/span><\/div><\/a><\/div>\n<\/div>\n\n\n\n<div class=\"wp-block-jetpack-contact-info\">\n<div class=\"wp-block-jetpack-address\"><div class=\"jetpack-address__address jetpack-address__address1\">info@kapuroastery.fi<\/div><div class=\"jetpack-address__address jetpack-address__address2\">+358 44 791 5918<\/div><\/div>\n<\/div>\n\n\n\n<p class=\"has-normal-font-size\"><strong>Y-tunnus:<\/strong> 3180615-4<br><strong>VAT:<\/strong> FI31806154<\/p>\n\n\n\n<hr class=\"wp-block-separator has-css-opacity is-style-wide\"\/>\n\n\n\n<p class=\"has-medium-font-size\"><strong>Laskutusosoite<\/strong><\/p>\n\n\n\n<p class=\"has-normal-font-size\"><strong>Verkkolasku:<\/strong> 003731806154 \/ 003721291126 (Maventa)<\/p>\n\n\n\n<p><\/p>\n","protected":false},"excerpt":{"rendered":"<p>KAPU Roastery Oy Y-tunnus: 3180615-4VAT: FI31806154 Laskutusosoite Verkkolasku: 003731806154 \/ 003721291126 (Maventa)<\/p>\n","protected":false},"author":3,"featured_media":0,"parent":0,"menu_order":0,"comment_status":"closed","ping_status":"closed","template":"","meta":{"footnotes":""},"class_list":["post-84","page","type-page","status-publish"],"yoast_head":"<!-- This site is optimized with the Yoast SEO plugin v27.4 - https:\/\/yoast.com\/product\/yoast-seo-wordpress\/ -->\n<title>Yhteystiedot - KAPU Roastery<\/title>\n<meta name=\"description\" content=\"Paahtimomme toimii idyllisell\u00e4 alueella l\u00e4hell\u00e4 Kouvolan keskustaa, Kaupunginpuutarhassa\" \/>\n<meta name=\"robots\" content=\"index, follow, max-snippet:-1, max-image-preview:large, max-video-preview:-1\" \/>\n<link rel=\"canonical\" href=\"https:\/\/kapuroastery.fi\/index.php\/yhteystiedot\/\" \/>\n<meta property=\"og:locale\" content=\"fi_FI\" \/>\n<meta property=\"og:type\" content=\"article\" \/>\n<meta property=\"og:title\" content=\"Yhteystiedot - KAPU Roastery\" \/>\n<meta property=\"og:description\" content=\"Paahtimomme toimii idyllisell\u00e4 alueella l\u00e4hell\u00e4 Kouvolan keskustaa, Kaupunginpuutarhassa\" \/>\n<meta property=\"og:url\" content=\"https:\/\/kapuroastery.fi\/index.php\/yhteystiedot\/\" \/>\n<meta property=\"og:site_name\" content=\"KAPU Roastery\" \/>\n<meta property=\"article:publisher\" content=\"https:\/\/www.facebook.com\/kapuroastery\" \/>\n<meta property=\"article:modified_time\" content=\"2024-08-11T19:09:43+00:00\" \/>\n<meta name=\"twitter:card\" content=\"summary_large_image\" \/>\n<meta name=\"twitter:site\" content=\"@kapuroastery\" \/>\n<meta name=\"twitter:label1\" content=\"Arvioitu lukuaika\" \/>\n\t<meta name=\"twitter:data1\" content=\"1 minuutti\" \/>\n<script type=\"application\/ld+json\" class=\"yoast-schema-graph\">{\"@context\":\"https:\\\/\\\/schema.org\",\"@graph\":[{\"@type\":\"WebPage\",\"@id\":\"https:\\\/\\\/kapuroastery.fi\\\/index.php\\\/yhteystiedot\\\/\",\"url\":\"https:\\\/\\\/kapuroastery.fi\\\/index.php\\\/yhteystiedot\\\/\",\"name\":\"Yhteystiedot - KAPU Roastery\",\"isPartOf\":{\"@id\":\"https:\\\/\\\/kapuroastery.fi\\\/#website\"},\"datePublished\":\"2021-01-14T09:15:54+00:00\",\"dateModified\":\"2024-08-11T19:09:43+00:00\",\"description\":\"Paahtimomme toimii idyllisell\u00e4 alueella l\u00e4hell\u00e4 Kouvolan keskustaa, Kaupunginpuutarhassa\",\"breadcrumb\":{\"@id\":\"https:\\\/\\\/kapuroastery.fi\\\/index.php\\\/yhteystiedot\\\/#breadcrumb\"},\"inLanguage\":\"fi\",\"potentialAction\":[{\"@type\":\"ReadAction\",\"target\":[\"https:\\\/\\\/kapuroastery.fi\\\/index.php\\\/yhteystiedot\\\/\"]}]},{\"@type\":\"BreadcrumbList\",\"@id\":\"https:\\\/\\\/kapuroastery.fi\\\/index.php\\\/yhteystiedot\\\/#breadcrumb\",\"itemListElement\":[{\"@type\":\"ListItem\",\"position\":1,\"name\":\"Etusivu\",\"item\":\"https:\\\/\\\/kapuroastery.fi\\\/\"},{\"@type\":\"ListItem\",\"position\":2,\"name\":\"Yhteystiedot\"}]},{\"@type\":\"WebSite\",\"@id\":\"https:\\\/\\\/kapuroastery.fi\\\/#website\",\"url\":\"https:\\\/\\\/kapuroastery.fi\\\/\",\"name\":\"KAPU Roastery\",\"description\":\"Artesaanipaahtimo\",\"publisher\":{\"@id\":\"https:\\\/\\\/kapuroastery.fi\\\/#organization\"},\"potentialAction\":[{\"@type\":\"SearchAction\",\"target\":{\"@type\":\"EntryPoint\",\"urlTemplate\":\"https:\\\/\\\/kapuroastery.fi\\\/?s={search_term_string}\"},\"query-input\":{\"@type\":\"PropertyValueSpecification\",\"valueRequired\":true,\"valueName\":\"search_term_string\"}}],\"inLanguage\":\"fi\"},{\"@type\":\"Organization\",\"@id\":\"https:\\\/\\\/kapuroastery.fi\\\/#organization\",\"name\":\"KAPU Roastery\",\"url\":\"https:\\\/\\\/kapuroastery.fi\\\/\",\"logo\":{\"@type\":\"ImageObject\",\"inLanguage\":\"fi\",\"@id\":\"https:\\\/\\\/kapuroastery.fi\\\/#\\\/schema\\\/logo\\\/image\\\/\",\"url\":\"https:\\\/\\\/kapuroastery.fi\\\/wp-content\\\/uploads\\\/2021\\\/01\\\/K_bw190px.jpg\",\"contentUrl\":\"https:\\\/\\\/kapuroastery.fi\\\/wp-content\\\/uploads\\\/2021\\\/01\\\/K_bw190px.jpg\",\"width\":190,\"height\":190,\"caption\":\"KAPU Roastery\"},\"image\":{\"@id\":\"https:\\\/\\\/kapuroastery.fi\\\/#\\\/schema\\\/logo\\\/image\\\/\"},\"sameAs\":[\"https:\\\/\\\/www.facebook.com\\\/kapuroastery\",\"https:\\\/\\\/x.com\\\/kapuroastery\",\"https:\\\/\\\/www.instagram.com\\\/kapuroastery\",\"https:\\\/\\\/www.linkedin.com\\\/company\\\/kapuroastery\",\"https:\\\/\\\/www.youtube.com\\\/channel\\\/UClRXEN-cHPmNTF5aAmLgXXQ\"]}]}<\/script>\n<!-- \/ Yoast SEO plugin. -->","yoast_head_json":{"title":"Yhteystiedot - KAPU Roastery","description":"Paahtimomme toimii idyllisell\u00e4 alueella l\u00e4hell\u00e4 Kouvolan keskustaa, Kaupunginpuutarhassa","robots":{"index":"index","follow":"follow","max-snippet":"max-snippet:-1","max-image-preview":"max-image-preview:large","max-video-preview":"max-video-preview:-1"},"canonical":"https:\/\/kapuroastery.fi\/index.php\/yhteystiedot\/","og_locale":"fi_FI","og_type":"article","og_title":"Yhteystiedot - KAPU Roastery","og_description":"Paahtimomme toimii idyllisell\u00e4 alueella l\u00e4hell\u00e4 Kouvolan keskustaa, Kaupunginpuutarhassa","og_url":"https:\/\/kapuroastery.fi\/index.php\/yhteystiedot\/","og_site_name":"KAPU Roastery","article_publisher":"https:\/\/www.facebook.com\/kapuroastery","article_modified_time":"2024-08-11T19:09:43+00:00","twitter_card":"summary_large_image","twitter_site":"@kapuroastery","twitter_misc":{"Arvioitu lukuaika":"1 minuutti"},"schema":{"@context":"https:\/\/schema.org","@graph":[{"@type":"WebPage","@id":"https:\/\/kapuroastery.fi\/index.php\/yhteystiedot\/","url":"https:\/\/kapuroastery.fi\/index.php\/yhteystiedot\/","name":"Yhteystiedot - KAPU Roastery","isPartOf":{"@id":"https:\/\/kapuroastery.fi\/#website"},"datePublished":"2021-01-14T09:15:54+00:00","dateModified":"2024-08-11T19:09:43+00:00","description":"Paahtimomme toimii idyllisell\u00e4 alueella l\u00e4hell\u00e4 Kouvolan keskustaa, Kaupunginpuutarhassa","breadcrumb":{"@id":"https:\/\/kapuroastery.fi\/index.php\/yhteystiedot\/#breadcrumb"},"inLanguage":"fi","potentialAction":[{"@type":"ReadAction","target":["https:\/\/kapuroastery.fi\/index.php\/yhteystiedot\/"]}]},{"@type":"BreadcrumbList","@id":"https:\/\/kapuroastery.fi\/index.php\/yhteystiedot\/#breadcrumb","itemListElement":[{"@type":"ListItem","position":1,"name":"Etusivu","item":"https:\/\/kapuroastery.fi\/"},{"@type":"ListItem","position":2,"name":"Yhteystiedot"}]},{"@type":"WebSite","@id":"https:\/\/kapuroastery.fi\/#website","url":"https:\/\/kapuroastery.fi\/","name":"KAPU Roastery","description":"Artesaanipaahtimo","publisher":{"@id":"https:\/\/kapuroastery.fi\/#organization"},"potentialAction":[{"@type":"SearchAction","target":{"@type":"EntryPoint","urlTemplate":"https:\/\/kapuroastery.fi\/?s={search_term_string}"},"query-input":{"@type":"PropertyValueSpecification","valueRequired":true,"valueName":"search_term_string"}}],"inLanguage":"fi"},{"@type":"Organization","@id":"https:\/\/kapuroastery.fi\/#organization","name":"KAPU Roastery","url":"https:\/\/kapuroastery.fi\/","logo":{"@type":"ImageObject","inLanguage":"fi","@id":"https:\/\/kapuroastery.fi\/#\/schema\/logo\/image\/","url":"https:\/\/kapuroastery.fi\/wp-content\/uploads\/2021\/01\/K_bw190px.jpg","contentUrl":"https:\/\/kapuroastery.fi\/wp-content\/uploads\/2021\/01\/K_bw190px.jpg","width":190,"height":190,"caption":"KAPU Roastery"},"image":{"@id":"https:\/\/kapuroastery.fi\/#\/schema\/logo\/image\/"},"sameAs":["https:\/\/www.facebook.com\/kapuroastery","https:\/\/x.com\/kapuroastery","https:\/\/www.instagram.com\/kapuroastery","https:\/\/www.linkedin.com\/company\/kapuroastery","https:\/\/www.youtube.com\/channel\/UClRXEN-cHPmNTF5aAmLgXXQ"]}]}},"_links":{"self":[{"href":"https:\/\/kapuroastery.fi\/index.php\/wp-json\/wp\/v2\/pages\/84","targetHints":{"allow":["GET"]}}],"collection":[{"href":"https:\/\/kapuroastery.fi\/index.php\/wp-json\/wp\/v2\/pages"}],"about":[{"href":"https:\/\/kapuroastery.fi\/index.php\/wp-json\/wp\/v2\/types\/page"}],"author":[{"embeddable":true,"href":"https:\/\/kapuroastery.fi\/index.php\/wp-json\/wp\/v2\/users\/3"}],"replies":[{"embeddable":true,"href":"https:\/\/kapuroastery.fi\/index.php\/wp-json\/wp\/v2\/comments?post=84"}],"version-history":[{"count":17,"href":"https:\/\/kapuroastery.fi\/index.php\/wp-json\/wp\/v2\/pages\/84\/revisions"}],"predecessor-version":[{"id":1226,"href":"https:\/\/kapuroastery.fi\/index.php\/wp-json\/wp\/v2\/pages\/84\/revisions\/1226"}],"wp:attachment":[{"href":"https:\/\/kapuroastery.fi\/index.php\/wp-json\/wp\/v2\/media?parent=84"}],"curies":[{"name":"wp","href":"https:\/\/api.w.org\/{rel}","templated":true}]}}