{"id":211,"date":"2021-04-19T11:33:03","date_gmt":"2021-04-19T09:33:03","guid":{"rendered":"https:\/\/kapuroastery.fi\/?page_id=211"},"modified":"2024-09-01T09:15:53","modified_gmt":"2024-09-01T06:15:53","slug":"rekisteri-ja-tietosuojaseloste","status":"publish","type":"page","link":"https:\/\/kapuroastery.fi\/index.php\/rekisteri-ja-tietosuojaseloste\/","title":{"rendered":"Rekisteri- ja tietosuojaseloste"},"content":{"rendered":"\n<p class=\"has-normal-font-size\">T\u00e4m\u00e4 EU:n yleisen tietosuoja-asetuksen (GDPR) mukainen rekisteri- ja tietosuojaseloste on laadittu 1.1.2021.<\/p>\n\n\n\n<p class=\"has-normal-font-size\"><strong>1 Rekisterinpit\u00e4j\u00e4<\/strong><br>KAPU Roastery Oy (3180615-4)<br>Kyminv\u00e4yl\u00e4 2<br>45700 Kuusankoski<\/p>\n\n\n\n<p class=\"has-normal-font-size\"><strong>2 Yhteyshenkil\u00f6<\/strong><br>Vesa Viljakainen<br>+358 40 759 0276<br><a href=\"mailto:vesa.viljakainen@kapuroastery.fi\">vesa.viljakainen@kapuroastery.fi<\/a><\/p>\n\n\n\n<p class=\"has-normal-font-size\"><strong>3 Rekisterin nimi<\/strong><br>Asiakas- ja analytiikkarekisteri<\/p>\n\n\n\n<p class=\"has-normal-font-size\"><strong>4 Henkil\u00f6tietojen k\u00e4sittelyn tarkoitus<\/strong><br>Rekisterin tarkoituksena on rekisterinpit\u00e4j\u00e4n ja asiakkaan v\u00e4lisen asiakassuhteen hoitaminen sek\u00e4 viestint\u00e4 ja markkinointi. Rekisterin hallinta ja tietojen k\u00e4sittely voidaan ulkoistaa rekisterinpit\u00e4j\u00e4n yhteisty\u00f6kumppanille, joka on sitoutunut noudattamaan t\u00e4t\u00e4 selostetta.<\/p>\n\n\n\n<p class=\"has-normal-font-size\">Rekisterin tarkoituksena on rekisterinpit\u00e4j\u00e4n ja asiakkaan v\u00e4lisen asiakassuhteen hoitaminen sek\u00e4 viestint\u00e4 ja markkinointi. Rekisterin hallinta ja tietojen k\u00e4sittely voidaan ulkoistaa rekisterinpit\u00e4j\u00e4n yhteisty\u00f6kumppanille, joka on sitoutunut noudattamaan t\u00e4t\u00e4 selostetta.<\/p>\n\n\n\n<p class=\"has-normal-font-size\"><strong>5 Rekisterin tietosis\u00e4lt\u00f6<\/strong><br>Rekisteri saattaa sis\u00e4lt\u00e4\u00e4 seuraavia tietoja asiakkaasta: nimi, puhelinnumero, osoite, s\u00e4hk\u00f6postiosoite, organisaation nimi sek\u00e4 y-tunnus ja yhteysloki.<\/p>\n\n\n\n<p class=\"has-normal-font-size\"><strong>6 S\u00e4\u00e4nt\u00f6jen mukaiset tietol\u00e4hteet<\/strong><br>Rekisteri koostetaan rekisterinpit\u00e4j\u00e4n asiakastietoj\u00e4rjestelm\u00e4st\u00e4 sek\u00e4 sivuston k\u00e4vij\u00e4seurantaty\u00f6kalusta, yleisesti saatavilla olevista internetl\u00e4hteist\u00e4 ja muista julkisista sek\u00e4 maksuttomista ett\u00e4 maksullisista l\u00e4hteist\u00e4.<\/p>\n\n\n\n<p class=\"has-normal-font-size\"><strong>7 Tietojen s\u00e4\u00e4nn\u00f6nmukaiset luovutukset<\/strong><br>Rekisterinpit\u00e4j\u00e4 ei luovuta tietoja ulkopuolisille lukuun ottamatta kohdassa 4 mainittua rekisterinpit\u00e4j\u00e4n yhteisty\u00f6kumppania, paitsi Suomen viranomaistoimien niin edellytt\u00e4ess\u00e4.<\/p>\n\n\n\n<p class=\"has-normal-font-size\"><strong>8 Tietojen siirto EU:n tai ETA:n ulkopuolelle<\/strong><br>Henkil\u00f6tietoja ei p\u00e4\u00e4s\u00e4\u00e4nt\u00f6isesti siirret\u00e4 Euroopan unionin tai Euroopan talousalueen ulkopuolelle.<\/p>\n\n\n\n<p class=\"has-normal-font-size\"><strong>9 Rekisterin suojauksen periaatteet<\/strong><br>Henkil\u00f6tiedot s\u00e4ilytet\u00e4\u00e4n luottamuksellisina. Rekisterinpit\u00e4j\u00e4n ja sen mahdollisten tietotekniikkakumppaneiden tietoverkko ja laitteisto, jolla rekisteri sijaitsee, on suojattu palomuurilla ja muilla tarvittavilla teknisill\u00e4 toimenpiteill\u00e4.<\/p>\n\n\n\n<p class=\"has-normal-font-size\"><strong>10 Tarkastusoikeus ja oikeus vaatia tiedon korjaamista<\/strong><br>Jokaisella rekisteriss\u00e4 olevalla henkil\u00f6ll\u00e4 on oikeus tarkistaa rekisteriin tallennetut tietonsa ja vaatia mahdollisen virheellisen tiedon korjaamista tai puutteellisen tiedon t\u00e4ydent\u00e4mist\u00e4. Mik\u00e4li henkil\u00f6 haluaa tarkistaa h\u00e4nest\u00e4 tallennetut tiedot tai vaatia niihin oikaisua, pyynt\u00f6 tulee l\u00e4hett\u00e4\u00e4 kirjallisesti rekisterinpit\u00e4j\u00e4lle. Rekisterinpit\u00e4j\u00e4 voi pyyt\u00e4\u00e4 tarvittaessa pyynn\u00f6n esitt\u00e4j\u00e4\u00e4 todistamaan henkil\u00f6llisyytens\u00e4. Rekisterinpit\u00e4j\u00e4 vastaa asiakkaalle EU:n tietosuoja-asetuksessa s\u00e4\u00e4detyss\u00e4 ajassa, p\u00e4\u00e4s\u00e4\u00e4nt\u00f6isesti kuukauden kuluessa.<br><br>Rekisteriss\u00e4 olevalla henkil\u00f6ll\u00e4 on oikeus pyyt\u00e4\u00e4 h\u00e4nt\u00e4 koskevien henkil\u00f6tietojen poistamista rekisterist\u00e4. Rekister\u00f6idyill\u00e4 on my\u00f6s muut <a href=\"https:\/\/eur-lex.europa.eu\/legal-content\/FI\/TXT\/?uri=CELEX%3A32016R0679#d1e2144-1-1\" data-type=\"URL\" data-id=\"\" target=\"_blank\" rel=\"noreferrer noopener\">EU:n yleisen tietosuoja-asetuksen mukaiset oikeudet<\/a> kuten henkil\u00f6tietojen k\u00e4sittelyn rajoittaminen tietyiss\u00e4 tilanteissa. Pyynn\u00f6t tulee l\u00e4hett\u00e4\u00e4 kirjallisesti rekisterinpit\u00e4j\u00e4lle. Rekisterinpit\u00e4j\u00e4 voi pyyt\u00e4\u00e4 tarvittaessa pyynn\u00f6n esitt\u00e4j\u00e4\u00e4 todistamaan henkil\u00f6llisyytens\u00e4. Rekisterinpit\u00e4j\u00e4 vastaa asiakkaalle EU:n tietosuoja-asetuksessa s\u00e4\u00e4detyss\u00e4 ajassa, p\u00e4\u00e4s\u00e4\u00e4nt\u00f6isesti kuukauden kuluessa.<\/p>\n\n\n\n<p class=\"has-normal-font-size\"><strong>11 Ev\u00e4steet<\/strong><br>Rekisterinpit\u00e4j\u00e4n sivuilla saatetaan k\u00e4ytt\u00e4\u00e4 ev\u00e4steit\u00e4 k\u00e4ytt\u00f6kokemuksen kehitt\u00e4miseksi. Ev\u00e4ste on tekstitiedosto, joka verkkosivulla k\u00e4ydess\u00e4 tallentuu k\u00e4ytt\u00e4j\u00e4n tietokoneelle. Se sis\u00e4lt\u00e4\u00e4 tietoja ja sit\u00e4 k\u00e4ytet\u00e4\u00e4n muun muassa sivuston kehitt\u00e4miseen ja markkinointiin. Ev\u00e4steiden avulla ker\u00e4t\u00e4\u00e4n tietoa sivujen k\u00e4yt\u00f6st\u00e4. K\u00e4ytt\u00e4j\u00e4n henkil\u00f6llisyys ei k\u00e4y ilmi ev\u00e4steiden avulla. K\u00e4ytt\u00e4j\u00e4 voi poistaa ev\u00e4steet k\u00e4yt\u00f6st\u00e4 selaimen asetuksista. Rekisterinpit\u00e4j\u00e4 ei takaa, ett\u00e4 sivusto toimii oikein ev\u00e4steiden poistamisen j\u00e4lkeen.<\/p>\n","protected":false},"excerpt":{"rendered":"<p>T\u00e4m\u00e4 EU:n yleisen tietosuoja-asetuksen (GDPR) mukainen rekisteri- ja tietosuojaseloste on laadittu 1.1.2021. 1 Rekisterinpit\u00e4j\u00e4KAPU Roastery Oy (3180615-4)Kyminv\u00e4yl\u00e4 245700 Kuusankoski 2 Yhteyshenkil\u00f6Vesa Viljakainen+358 40 759 0276vesa.viljakainen@kapuroastery.fi 3 Rekisterin nimiAsiakas- ja analytiikkarekisteri 4 Henkil\u00f6tietojen k\u00e4sittelyn tarkoitusRekisterin tarkoituksena on rekisterinpit\u00e4j\u00e4n ja asiakkaan v\u00e4lisen asiakassuhteen hoitaminen sek\u00e4 viestint\u00e4 ja markkinointi. Rekisterin hallinta ja tietojen k\u00e4sittely voidaan ulkoistaa rekisterinpit\u00e4j\u00e4n yhteisty\u00f6kumppanille, &#8230; <a title=\"Rekisteri- ja tietosuojaseloste\" class=\"read-more\" href=\"https:\/\/kapuroastery.fi\/index.php\/rekisteri-ja-tietosuojaseloste\/\" aria-label=\"Lue lis\u00e4\u00e4 aiheesta Rekisteri- ja tietosuojaseloste\">Lue lis\u00e4\u00e4<\/a><\/p>\n","protected":false},"author":3,"featured_media":0,"parent":0,"menu_order":0,"comment_status":"closed","ping_status":"closed","template":"","meta":{"footnotes":""},"class_list":["post-211","page","type-page","status-publish"],"yoast_head":"<!-- This site is optimized with the Yoast SEO plugin v27.4 - https:\/\/yoast.com\/product\/yoast-seo-wordpress\/ -->\n<title>Rekisteri- ja tietosuojaseloste - KAPU Roastery<\/title>\n<meta name=\"robots\" content=\"index, follow, max-snippet:-1, max-image-preview:large, max-video-preview:-1\" \/>\n<link rel=\"canonical\" href=\"https:\/\/kapuroastery.fi\/index.php\/rekisteri-ja-tietosuojaseloste\/\" \/>\n<meta property=\"og:locale\" content=\"fi_FI\" \/>\n<meta property=\"og:type\" content=\"article\" \/>\n<meta property=\"og:title\" content=\"Rekisteri- ja tietosuojaseloste - KAPU Roastery\" \/>\n<meta property=\"og:description\" content=\"T\u00e4m\u00e4 EU:n yleisen tietosuoja-asetuksen (GDPR) mukainen rekisteri- ja tietosuojaseloste on laadittu 1.1.2021. 1 Rekisterinpit\u00e4j\u00e4KAPU Roastery Oy (3180615-4)Kyminv\u00e4yl\u00e4 245700 Kuusankoski 2 Yhteyshenkil\u00f6Vesa Viljakainen+358 40 759 0276vesa.viljakainen@kapuroastery.fi 3 Rekisterin nimiAsiakas- ja analytiikkarekisteri 4 Henkil\u00f6tietojen k\u00e4sittelyn tarkoitusRekisterin tarkoituksena on rekisterinpit\u00e4j\u00e4n ja asiakkaan v\u00e4lisen asiakassuhteen hoitaminen sek\u00e4 viestint\u00e4 ja markkinointi. Rekisterin hallinta ja tietojen k\u00e4sittely voidaan ulkoistaa rekisterinpit\u00e4j\u00e4n yhteisty\u00f6kumppanille, ... Lue lis\u00e4\u00e4\" \/>\n<meta property=\"og:url\" content=\"https:\/\/kapuroastery.fi\/index.php\/rekisteri-ja-tietosuojaseloste\/\" \/>\n<meta property=\"og:site_name\" content=\"KAPU Roastery\" \/>\n<meta property=\"article:publisher\" content=\"https:\/\/www.facebook.com\/kapuroastery\" \/>\n<meta property=\"article:modified_time\" content=\"2024-09-01T06:15:53+00:00\" \/>\n<meta name=\"twitter:card\" content=\"summary_large_image\" \/>\n<meta name=\"twitter:site\" content=\"@kapuroastery\" \/>\n<meta name=\"twitter:label1\" content=\"Arvioitu lukuaika\" \/>\n\t<meta name=\"twitter:data1\" content=\"3 minuuttia\" \/>\n<script type=\"application\/ld+json\" class=\"yoast-schema-graph\">{\"@context\":\"https:\\\/\\\/schema.org\",\"@graph\":[{\"@type\":\"WebPage\",\"@id\":\"https:\\\/\\\/kapuroastery.fi\\\/index.php\\\/rekisteri-ja-tietosuojaseloste\\\/\",\"url\":\"https:\\\/\\\/kapuroastery.fi\\\/index.php\\\/rekisteri-ja-tietosuojaseloste\\\/\",\"name\":\"Rekisteri- ja tietosuojaseloste - KAPU Roastery\",\"isPartOf\":{\"@id\":\"https:\\\/\\\/kapuroastery.fi\\\/#website\"},\"datePublished\":\"2021-04-19T09:33:03+00:00\",\"dateModified\":\"2024-09-01T06:15:53+00:00\",\"breadcrumb\":{\"@id\":\"https:\\\/\\\/kapuroastery.fi\\\/index.php\\\/rekisteri-ja-tietosuojaseloste\\\/#breadcrumb\"},\"inLanguage\":\"fi\",\"potentialAction\":[{\"@type\":\"ReadAction\",\"target\":[\"https:\\\/\\\/kapuroastery.fi\\\/index.php\\\/rekisteri-ja-tietosuojaseloste\\\/\"]}]},{\"@type\":\"BreadcrumbList\",\"@id\":\"https:\\\/\\\/kapuroastery.fi\\\/index.php\\\/rekisteri-ja-tietosuojaseloste\\\/#breadcrumb\",\"itemListElement\":[{\"@type\":\"ListItem\",\"position\":1,\"name\":\"Etusivu\",\"item\":\"https:\\\/\\\/kapuroastery.fi\\\/\"},{\"@type\":\"ListItem\",\"position\":2,\"name\":\"Rekisteri- ja tietosuojaseloste\"}]},{\"@type\":\"WebSite\",\"@id\":\"https:\\\/\\\/kapuroastery.fi\\\/#website\",\"url\":\"https:\\\/\\\/kapuroastery.fi\\\/\",\"name\":\"KAPU Roastery\",\"description\":\"Artesaanipaahtimo\",\"publisher\":{\"@id\":\"https:\\\/\\\/kapuroastery.fi\\\/#organization\"},\"potentialAction\":[{\"@type\":\"SearchAction\",\"target\":{\"@type\":\"EntryPoint\",\"urlTemplate\":\"https:\\\/\\\/kapuroastery.fi\\\/?s={search_term_string}\"},\"query-input\":{\"@type\":\"PropertyValueSpecification\",\"valueRequired\":true,\"valueName\":\"search_term_string\"}}],\"inLanguage\":\"fi\"},{\"@type\":\"Organization\",\"@id\":\"https:\\\/\\\/kapuroastery.fi\\\/#organization\",\"name\":\"KAPU Roastery\",\"url\":\"https:\\\/\\\/kapuroastery.fi\\\/\",\"logo\":{\"@type\":\"ImageObject\",\"inLanguage\":\"fi\",\"@id\":\"https:\\\/\\\/kapuroastery.fi\\\/#\\\/schema\\\/logo\\\/image\\\/\",\"url\":\"https:\\\/\\\/kapuroastery.fi\\\/wp-content\\\/uploads\\\/2021\\\/01\\\/K_bw190px.jpg\",\"contentUrl\":\"https:\\\/\\\/kapuroastery.fi\\\/wp-content\\\/uploads\\\/2021\\\/01\\\/K_bw190px.jpg\",\"width\":190,\"height\":190,\"caption\":\"KAPU Roastery\"},\"image\":{\"@id\":\"https:\\\/\\\/kapuroastery.fi\\\/#\\\/schema\\\/logo\\\/image\\\/\"},\"sameAs\":[\"https:\\\/\\\/www.facebook.com\\\/kapuroastery\",\"https:\\\/\\\/x.com\\\/kapuroastery\",\"https:\\\/\\\/www.instagram.com\\\/kapuroastery\",\"https:\\\/\\\/www.linkedin.com\\\/company\\\/kapuroastery\",\"https:\\\/\\\/www.youtube.com\\\/channel\\\/UClRXEN-cHPmNTF5aAmLgXXQ\"]}]}<\/script>\n<!-- \/ Yoast SEO plugin. -->","yoast_head_json":{"title":"Rekisteri- ja tietosuojaseloste - KAPU Roastery","robots":{"index":"index","follow":"follow","max-snippet":"max-snippet:-1","max-image-preview":"max-image-preview:large","max-video-preview":"max-video-preview:-1"},"canonical":"https:\/\/kapuroastery.fi\/index.php\/rekisteri-ja-tietosuojaseloste\/","og_locale":"fi_FI","og_type":"article","og_title":"Rekisteri- ja tietosuojaseloste - KAPU Roastery","og_description":"T\u00e4m\u00e4 EU:n yleisen tietosuoja-asetuksen (GDPR) mukainen rekisteri- ja tietosuojaseloste on laadittu 1.1.2021. 1 Rekisterinpit\u00e4j\u00e4KAPU Roastery Oy (3180615-4)Kyminv\u00e4yl\u00e4 245700 Kuusankoski 2 Yhteyshenkil\u00f6Vesa Viljakainen+358 40 759 0276vesa.viljakainen@kapuroastery.fi 3 Rekisterin nimiAsiakas- ja analytiikkarekisteri 4 Henkil\u00f6tietojen k\u00e4sittelyn tarkoitusRekisterin tarkoituksena on rekisterinpit\u00e4j\u00e4n ja asiakkaan v\u00e4lisen asiakassuhteen hoitaminen sek\u00e4 viestint\u00e4 ja markkinointi. Rekisterin hallinta ja tietojen k\u00e4sittely voidaan ulkoistaa rekisterinpit\u00e4j\u00e4n yhteisty\u00f6kumppanille, ... Lue lis\u00e4\u00e4","og_url":"https:\/\/kapuroastery.fi\/index.php\/rekisteri-ja-tietosuojaseloste\/","og_site_name":"KAPU Roastery","article_publisher":"https:\/\/www.facebook.com\/kapuroastery","article_modified_time":"2024-09-01T06:15:53+00:00","twitter_card":"summary_large_image","twitter_site":"@kapuroastery","twitter_misc":{"Arvioitu lukuaika":"3 minuuttia"},"schema":{"@context":"https:\/\/schema.org","@graph":[{"@type":"WebPage","@id":"https:\/\/kapuroastery.fi\/index.php\/rekisteri-ja-tietosuojaseloste\/","url":"https:\/\/kapuroastery.fi\/index.php\/rekisteri-ja-tietosuojaseloste\/","name":"Rekisteri- ja tietosuojaseloste - KAPU Roastery","isPartOf":{"@id":"https:\/\/kapuroastery.fi\/#website"},"datePublished":"2021-04-19T09:33:03+00:00","dateModified":"2024-09-01T06:15:53+00:00","breadcrumb":{"@id":"https:\/\/kapuroastery.fi\/index.php\/rekisteri-ja-tietosuojaseloste\/#breadcrumb"},"inLanguage":"fi","potentialAction":[{"@type":"ReadAction","target":["https:\/\/kapuroastery.fi\/index.php\/rekisteri-ja-tietosuojaseloste\/"]}]},{"@type":"BreadcrumbList","@id":"https:\/\/kapuroastery.fi\/index.php\/rekisteri-ja-tietosuojaseloste\/#breadcrumb","itemListElement":[{"@type":"ListItem","position":1,"name":"Etusivu","item":"https:\/\/kapuroastery.fi\/"},{"@type":"ListItem","position":2,"name":"Rekisteri- ja tietosuojaseloste"}]},{"@type":"WebSite","@id":"https:\/\/kapuroastery.fi\/#website","url":"https:\/\/kapuroastery.fi\/","name":"KAPU Roastery","description":"Artesaanipaahtimo","publisher":{"@id":"https:\/\/kapuroastery.fi\/#organization"},"potentialAction":[{"@type":"SearchAction","target":{"@type":"EntryPoint","urlTemplate":"https:\/\/kapuroastery.fi\/?s={search_term_string}"},"query-input":{"@type":"PropertyValueSpecification","valueRequired":true,"valueName":"search_term_string"}}],"inLanguage":"fi"},{"@type":"Organization","@id":"https:\/\/kapuroastery.fi\/#organization","name":"KAPU Roastery","url":"https:\/\/kapuroastery.fi\/","logo":{"@type":"ImageObject","inLanguage":"fi","@id":"https:\/\/kapuroastery.fi\/#\/schema\/logo\/image\/","url":"https:\/\/kapuroastery.fi\/wp-content\/uploads\/2021\/01\/K_bw190px.jpg","contentUrl":"https:\/\/kapuroastery.fi\/wp-content\/uploads\/2021\/01\/K_bw190px.jpg","width":190,"height":190,"caption":"KAPU Roastery"},"image":{"@id":"https:\/\/kapuroastery.fi\/#\/schema\/logo\/image\/"},"sameAs":["https:\/\/www.facebook.com\/kapuroastery","https:\/\/x.com\/kapuroastery","https:\/\/www.instagram.com\/kapuroastery","https:\/\/www.linkedin.com\/company\/kapuroastery","https:\/\/www.youtube.com\/channel\/UClRXEN-cHPmNTF5aAmLgXXQ"]}]}},"_links":{"self":[{"href":"https:\/\/kapuroastery.fi\/index.php\/wp-json\/wp\/v2\/pages\/211","targetHints":{"allow":["GET"]}}],"collection":[{"href":"https:\/\/kapuroastery.fi\/index.php\/wp-json\/wp\/v2\/pages"}],"about":[{"href":"https:\/\/kapuroastery.fi\/index.php\/wp-json\/wp\/v2\/types\/page"}],"author":[{"embeddable":true,"href":"https:\/\/kapuroastery.fi\/index.php\/wp-json\/wp\/v2\/users\/3"}],"replies":[{"embeddable":true,"href":"https:\/\/kapuroastery.fi\/index.php\/wp-json\/wp\/v2\/comments?post=211"}],"version-history":[{"count":4,"href":"https:\/\/kapuroastery.fi\/index.php\/wp-json\/wp\/v2\/pages\/211\/revisions"}],"predecessor-version":[{"id":1243,"href":"https:\/\/kapuroastery.fi\/index.php\/wp-json\/wp\/v2\/pages\/211\/revisions\/1243"}],"wp:attachment":[{"href":"https:\/\/kapuroastery.fi\/index.php\/wp-json\/wp\/v2\/media?parent=211"}],"curies":[{"name":"wp","href":"https:\/\/api.w.org\/{rel}","templated":true}]}}